{"id":4080,"date":"2021-07-29T11:42:24","date_gmt":"2021-07-29T10:42:24","guid":{"rendered":"\/inicio\/"},"modified":"2026-04-16T16:30:25","modified_gmt":"2026-04-16T15:30:25","slug":"inicio","status":"publish","type":"page","link":"\/es\/","title":{"rendered":"Inicio"},"content":{"rendered":"\n<h1>\n\t\t\tPrep\u00e1rate para descubrir tu verdadero potencial\t<\/h1>\n\t<h4>Insightful Traits ofrece una amplia variedad de evaluaciones dise\u00f1adas para ayudarte a comprender mejor tu personalidad, salud mental y neurodiversidad, relaciones, tendencias sociales, preferencias profesionales y m\u00e1s.<br \/>\n<\/h4>\n\t\t\t<a href=\"\/es\/pruebas\/\" title=\"Ver Pruebas Disponibles\" target=\"_self\"   role=\"button\" aria-label=\"Ver Pruebas Disponibles\">\n\t\t\t\t\t\t\tVer Pruebas Disponibles\n\t\t<\/a>\n\t\t\t\t<img decoding=\"async\" src=\"\/wp-content\/uploads\/2026\/02\/npd-test-1536x864.png\" alt=\"npd-test\" title=\"npd-test\" itemprop=\"image\"\/>\n\t\t<h3>Tipo de Personalidad<\/h3>\t\t\t\n\t\t\t\t<p>Ofrecemos una variedad de tests para evaluar tu tipo de personalidad, incluyendo 16 Personalities, Eneagrama, DiSC y m\u00e1s.<\/p>\n\t\t\t<a href=\"\/es\/pruebas\/#personalidad\" title=\"Ver Pruebas\" target=\"_self\"   role=\"button\" aria-label=\"Ver Pruebas\">\n\t\t\t\t\t\t\tVer Pruebas\n\t\t<\/a>\n\t\t\t\t<img decoding=\"async\" src=\"\/wp-content\/uploads\/2026\/02\/personality-disorder-test-1536x864.png\" alt=\"personality-disorder-test\" title=\"personality-disorder-test\" itemprop=\"image\"\/>\n\t\t<h3>Salud Mental<\/h3>\t\t\t\n\t\t\t\t<p>Explora nuestras evaluaciones de salud mental y neurodiversidad para ayudar a identificar trastornos de la personalidad y otros s\u00edntomas neurodivergentes.<\/p>\n\t\t\t<a href=\"\/es\/pruebas\/#neurodiversidad\" title=\"Ver Pruebas\" target=\"_self\"   role=\"button\" aria-label=\"Ver Pruebas\">\n\t\t\t\t\t\t\tVer Pruebas\n\t\t<\/a>\n\t\t\t\t<img decoding=\"async\" src=\"\/wp-content\/uploads\/2026\/02\/love-style-test-1536x864.png\" alt=\"love-style-test\" title=\"love-style-test\" itemprop=\"image\"\/>\n\t\t<h3>Relaciones<\/h3>\t\t\t\n\t\t\t\t<p>Descubre informaci\u00f3n valiosa sobre tus relaciones, inteligencia emocional, simpat\u00eda, estilo de apego, compatibilidad y m\u00e1s.<\/p>\n\t\t\t<a href=\"\/es\/pruebas\/#relaciones\" title=\"Ver Pruebas\" target=\"_self\"   role=\"button\" aria-label=\"Ver Pruebas\">\n\t\t\t\t\t\t\tVer Pruebas\n\t\t<\/a>\n\t\t\t\t<img decoding=\"async\" src=\"\/wp-content\/uploads\/2026\/02\/career-facets-test-1536x864.png\" alt=\"career-facets-test\" title=\"career-facets-test\" itemprop=\"image\"\/>\n\t\t<h3>Carrera y otros<\/h3>\t\t\t\n\t\t\t\t<p>\u00bfEst\u00e1s buscando un cambio de carrera? Descubre tu pasi\u00f3n y explora opciones profesionales que quiz\u00e1s no hab\u00edas considerado antes.<\/p>\n\t\t\t<a href=\"\/tests\/#career\" title=\"Ver Pruebas\" target=\"_self\"   role=\"button\" aria-label=\"Ver Pruebas\">\n\t\t\t\t\t\t\tVer Pruebas\n\t\t<\/a>\n\t<h3>\n\t\t\t\tDescubre tu viaje: C\u00f3mo funciona\n\t\t\t<\/h3>\n\t<h3>Haz la prueba<\/h3>\n<p><a href=\"\/es\/pruebas\/\"><img loading=\"lazy\" decoding=\"async\" src=\"\/wp-content\/uploads\/2024\/06\/step1.png\" alt=\"\" width=\"150\" height=\"150\" \/><\/a><\/p>\n<p>Responde a una serie de preguntas guiadas que te ayudar\u00e1n a definir tus rasgos de personalidad y a descubrir tus preferencias.<\/p>\n\t<h3>Obt\u00e9n tus resultados<\/h3>\n<p><a href=\"\/es\/pruebas\/\"><img loading=\"lazy\" decoding=\"async\" src=\"\/wp-content\/uploads\/2024\/06\/step-2.png\" alt=\"\" width=\"150\" height=\"150\" \/><\/a><\/p>\n<p>Recibe un informe detallado con informaci\u00f3n sobre tus fortalezas, \u00e1reas de mejora y caracter\u00edsticas \u00fanicas..<\/p>\n\t<h3>Explora y crece<\/h3>\n<p><a href=\"\/es\/pruebas\/\"><img loading=\"lazy\" decoding=\"async\" src=\"\/wp-content\/uploads\/2024\/06\/step-4.png\" alt=\"\" width=\"150\" height=\"150\" \/><\/a><\/p>\n<p>Utiliza tus resultados personalizados para mejorar tu autoconocimiento, fortalecer tus relaciones y alcanzar tus metas.<\/p>\n\t\t\t<a href=\"\/es\/pruebas\/\" title=\"Haz Tu Prueba\" target=\"_self\"   role=\"button\" aria-label=\"Haz Tu Prueba\">\n\t\t\t\t\t\t\tHaz Tu Prueba\n\t\t<\/a>\n<h4>\n\t\t\t\u00daltimas noticias\t<\/h4>\n\t\t\t<a href=\"#\" title=\"Leer todos los art\u00edculos\" target=\"_self\"   role=\"button\" aria-label=\"Leer todos los art\u00edculos\">\n\t\t\t\t\t\t\tLeer todos los art\u00edculos\n\t\t<\/a>\n\t\t\t\t\t\t\t\t\t\t\t\t\t\t<a href=\"\/es\/pueden-los-tests-de-personalidad-predecir-el-exito-una-mirada-mas-atenta\/\" target=\"_self\" title=\"\u00bfPueden los tests de personalidad predecir el \u00e9xito? Una mirada m\u00e1s atenta\">\n\t\t\t\t<img decoding=\"async\" src=\"\/wp-content\/uploads\/2024\/12\/personality-test-success.jpg\" alt=\"\" \/>\n\t\t\t\t<\/a>\n\t\t\t\t\t\t<h4>\n\t\t\t\t<a href=\"\/es\/pueden-los-tests-de-personalidad-predecir-el-exito-una-mirada-mas-atenta\/\" title=\"\u00bfPueden los tests de personalidad predecir el \u00e9xito? Una mirada m\u00e1s atenta\">\u00bfPueden los tests de personalidad predecir el \u00e9xito? Una mirada m\u00e1s atenta<\/a>\t\t\t<\/h4>\n\t\t\t\t\t\t\t\tLos tests de personalidad se utilizan mucho en el desarrollo profesional, la contrataci\u00f3n y la superaci\u00f3n personal, a menudo con &#8230;\n\t\t\t\t\t\t\t\t\t\t\t\t\t\t<a href=\"\/es\/la-evolucion-de-los-tests-de-personalidad-de-la-primera-guerra-mundial-a-los-tiempos-modernos\/\" target=\"_self\" title=\"La evoluci\u00f3n de los tests de personalidad: De la Primera Guerra Mundial a los Tiempos Modernos\">\n\t\t\t\t<img decoding=\"async\" src=\"\/wp-content\/uploads\/2024\/12\/evolution-of-personality-testing.jpg\" alt=\"\" \/>\n\t\t\t\t<\/a>\n\t\t\t\t\t\t<h4>\n\t\t\t\t<a href=\"\/es\/la-evolucion-de-los-tests-de-personalidad-de-la-primera-guerra-mundial-a-los-tiempos-modernos\/\" title=\"La evoluci\u00f3n de los tests de personalidad: De la Primera Guerra Mundial a los Tiempos Modernos\">La evoluci\u00f3n de los tests de personalidad: De la Primera Guerra Mundial a los Tiempos Modernos<\/a>\t\t\t<\/h4>\n\t\t\t\t\t\t\t\tLos tests de personalidad han experimentado una transformaci\u00f3n significativa desde su creaci\u00f3n durante la Primera Guerra Mundial. Hoy en d\u00eda, &#8230;\n\t\t\t\t\t\t\t\t\t\t\t\t\t\t<a href=\"\/es\/explorando-la-ciencia-cual-es-la-precision-de-los-tests-de-personalidad\/\" target=\"_self\" title=\"Explorando la ciencia: \u00bfCu\u00e1l es la precisi\u00f3n de los tests de personalidad?\">\n\t\t\t\t<img decoding=\"async\" src=\"\/wp-content\/uploads\/2024\/12\/exploring-the-science.jpg\" alt=\"\" \/>\n\t\t\t\t<\/a>\n\t\t\t\t\t\t<h4>\n\t\t\t\t<a href=\"\/es\/explorando-la-ciencia-cual-es-la-precision-de-los-tests-de-personalidad\/\" title=\"Explorando la ciencia: \u00bfCu\u00e1l es la precisi\u00f3n de los tests de personalidad?\">Explorando la ciencia: \u00bfCu\u00e1l es la precisi\u00f3n de los tests de personalidad?<\/a>\t\t\t<\/h4>\n\t\t\t\t\t\t\t\tLos tests de personalidad se utilizan mucho en el desarrollo personal, la planificaci\u00f3n profesional e incluso la psicolog\u00eda cl\u00ednica. Prometen &#8230;\n\t<h3>\n\t\t\t\tDescubre el poder de la autoconciencia\n\t\t\t<\/h3>\n\t<h5>Perspectivas personalizadas para ayudarte a comprender mejor<br \/>a ti mismo y alcanzar tus objetivos<\/h5>\n\t\t\t<a href=\"\/es\/pruebas\/\" title=\"Empecemos\" target=\"_self\"   role=\"button\" aria-label=\"Empecemos\">\n\t\t\t\t\t\t\tEmpecemos\n\t\t<\/a>\n\n","protected":false},"excerpt":{"rendered":"<p>Prep\u00e1rate para descubrir tu verdadero potencial Insightful Traits ofrece una amplia variedad de evaluaciones dise\u00f1adas para ayudarte a comprender mejor tu personalidad, salud mental y neurodiversidad, relaciones, tendencias sociales, preferencias profesionales y m\u00e1s. Ver Pruebas Disponibles Tipo de Personalidad Ofrecemos una variedad de tests para evaluar tu tipo de personalidad, incluyendo 16 Personalities, Eneagrama, DiSC [&hellip;]<\/p>\n","protected":false},"author":1,"featured_media":0,"parent":0,"menu_order":0,"comment_status":"closed","ping_status":"closed","template":"","meta":{"site-sidebar-layout":"no-sidebar","site-content-layout":"page-builder","ast-site-content-layout":"full-width-container","site-content-style":"unboxed","site-sidebar-style":"unboxed","ast-global-header-display":"","ast-banner-title-visibility":"","ast-main-header-display":"","ast-hfb-above-header-display":"","ast-hfb-below-header-display":"","ast-hfb-mobile-header-display":"","site-post-title":"disabled","ast-breadcrumbs-content":"disabled","ast-featured-img":"disabled","footer-sml-layout":"","ast-disable-related-posts":"","theme-transparent-header-meta":"enabled","adv-header-id-meta":"","stick-header-meta":"","header-above-stick-meta":"","header-main-stick-meta":"","header-below-stick-meta":"","astra-migrate-meta-layouts":"default","ast-page-background-enabled":"default","ast-page-background-meta":{"desktop":{"background-color":"","background-image":"","background-repeat":"repeat","background-position":"center center","background-size":"auto","background-attachment":"scroll","background-type":"","background-media":"","overlay-type":"","overlay-color":"","overlay-opacity":"","overlay-gradient":""},"tablet":{"background-color":"","background-image":"","background-repeat":"repeat","background-position":"center center","background-size":"auto","background-attachment":"scroll","background-type":"","background-media":"","overlay-type":"","overlay-color":"","overlay-opacity":"","overlay-gradient":""},"mobile":{"background-color":"","background-image":"","background-repeat":"repeat","background-position":"center center","background-size":"auto","background-attachment":"scroll","background-type":"","background-media":"","overlay-type":"","overlay-color":"","overlay-opacity":"","overlay-gradient":""}},"ast-content-background-meta":{"desktop":{"background-color":"var(--ast-global-color-5)","background-image":"","background-repeat":"repeat","background-position":"center center","background-size":"auto","background-attachment":"scroll","background-type":"","background-media":"","overlay-type":"","overlay-color":"","overlay-opacity":"","overlay-gradient":""},"tablet":{"background-color":"var(--ast-global-color-5)","background-image":"","background-repeat":"repeat","background-position":"center center","background-size":"auto","background-attachment":"scroll","background-type":"","background-media":"","overlay-type":"","overlay-color":"","overlay-opacity":"","overlay-gradient":""},"mobile":{"background-color":"var(--ast-global-color-5)","background-image":"","background-repeat":"repeat","background-position":"center center","background-size":"auto","background-attachment":"scroll","background-type":"","background-media":"","overlay-type":"","overlay-color":"","overlay-opacity":"","overlay-gradient":""}},"footnotes":""},"class_list":["post-4080","page","type-page","status-publish","hentry"],"_links":{"self":[{"href":"https:\/\/staging.wp.insightfultraits.com\/es\/wp-json\/wp\/v2\/pages\/4080","targetHints":{"allow":["GET"]}}],"collection":[{"href":"https:\/\/staging.wp.insightfultraits.com\/es\/wp-json\/wp\/v2\/pages"}],"about":[{"href":"https:\/\/staging.wp.insightfultraits.com\/es\/wp-json\/wp\/v2\/types\/page"}],"author":[{"embeddable":true,"href":"https:\/\/staging.wp.insightfultraits.com\/es\/wp-json\/wp\/v2\/users\/1"}],"replies":[{"embeddable":true,"href":"https:\/\/staging.wp.insightfultraits.com\/es\/wp-json\/wp\/v2\/comments?post=4080"}],"version-history":[{"count":4,"href":"https:\/\/staging.wp.insightfultraits.com\/es\/wp-json\/wp\/v2\/pages\/4080\/revisions"}],"predecessor-version":[{"id":6295,"href":"https:\/\/staging.wp.insightfultraits.com\/es\/wp-json\/wp\/v2\/pages\/4080\/revisions\/6295"}],"wp:attachment":[{"href":"https:\/\/staging.wp.insightfultraits.com\/es\/wp-json\/wp\/v2\/media?parent=4080"}],"curies":[{"name":"wp","href":"https:\/\/api.w.org\/{rel}","templated":true}]}}