{"id":3787,"date":"2024-12-06T16:01:53","date_gmt":"2024-12-06T16:01:53","guid":{"rendered":"\/precios\/"},"modified":"2026-04-16T13:51:25","modified_gmt":"2026-04-16T12:51:25","slug":"precios","status":"publish","type":"page","link":"\/es\/precios\/","title":{"rendered":"Precios"},"content":{"rendered":"\n<h2>\n\t\t\tPrecios y opciones de los planes Premium de Insightful Traits\t<\/h2>\n\t<h4>\u00a1Consigue acceso completo a nuestras pruebas y desbloquea todas las funciones!<\/h4>\n\t\t\t\t\t\t\t<h4>Prueba de acceso limitado<\/h4>\n\t\t\t\t\t\t\t\t\t<h2>\n\t\t\t\t\t$1.45\t\t\t\t\t\t\t\t\t\t<\/h2>\n\t\t\t\t\t\t\t\t<ul>\n\t\t\t\t\t\t\t\t\t\t\t\t\t\t\t\t\t\t<li>\n\t\t\t\t\t\t\t\t\t\t\t\t\t\t\t\t\tObt\u00e9n Tu Informe Completo de Personalidad\t\t\t\t\t\n\t\t\t\t\t\t<\/li>\n\t\t\t\t\t\t\t\t\t\t\t\t\t\t\t\t\t\t\t\t\t\t\t\t\t<li>\n\t\t\t\t\t\t\t\t\t\t\t\t\t\t\t\t\t\u00a1Invita a 3 Amigos y Familiares GRATIS!\t\t\t\t\t\n\t\t\t\t\t\t<\/li>\n\t\t\t\t\t\t\t\t\t\t\t\t\t\t\t\t\t\t\t\t\t\t\t\t\t<li>\n\t\t\t\t\t\t\t\t\t\t\t\t\t\t\t\t\tAcceso a TODOS Nuestros Tests\t\t\t\t\t\n\t\t\t\t\t\t<\/li>\n\t\t\t\t\t\t\t\t\t\t\t\t\t\t\t\t\t\t\t\t\t\t\t\t\t<li>\n\t\t\t\t\t\t\t\t\t\t\t\t\t\t\t\t\tOrientaci\u00f3n Profesional\t\t\t\t\t\n\t\t\t\t\t\t<\/li>\n\t\t\t\t\t\t\t\t\t\t\t\t\t\t\t\t\t\t\t\t\t\t\t\t\t<li>\n\t\t\t\t\t\t\t\t\t\t\t\t\t\t\t\t\tComparte Tus Resultados\t\t\t\t\t\n\t\t\t\t\t\t<\/li>\n\t\t\t\t\t\t\t\t\t\t\t\t\t\t\t\t\t\t\t\t\t\t\t\t\t<li>\n\t\t\t\t\t\t\t\t\t\t\t\t\t\t\t\t\tGarant\u00eda de Devoluci\u00f3n de Dinero\t\t\t\t\t\n\t\t\t\t\t\t<\/li>\n\t\t\t\t<\/ul>\n\t\t\t<a href=\"http:\/\/insightfultraits.com\/app\/es\/account\/signup\" title=\"Empieza\" target=\"_self\"   role=\"button\" aria-label=\"Empieza\">\n\t\t\t\t\t\t\tEmpieza\n\t\t<\/a>\n\t\t\t\t\t\t<h4>Los m\u00e1s populares<\/h4>\n\t\t\t\t\t\t\t<h4>Prueba de acceso completo<\/h4>\n\t\t\t\t\t\t\t\t\t<h2>\n\t\t\t\t\t$1.95\t\t\t\t\t\t\t\t\t\t<\/h2>\n\t\t\t\t\t\t\t\t<ul>\n\t\t\t\t\t\t\t\t\t\t\t\t\t\t\t\t\t\t<li>\n\t\t\t\t\t\t\t\t\t\t\t\t\t\t\t\t\tObt\u00e9n Tu Informe Completo de Personalidad\t\t\t\t\t\n\t\t\t\t\t\t<\/li>\n\t\t\t\t\t\t\t\t\t\t\t\t\t\t\t\t\t\t\t\t\t\t\t\t\t<li>\n\t\t\t\t\t\t\t\t\t\t\t\t\t\t\t\t\t\u00a1Invita a 10 Amigos y Familiares GRATIS!\t\t\t\t\t\n\t\t\t\t\t\t<\/li>\n\t\t\t\t\t\t\t\t\t\t\t\t\t\t\t\t\t\t\t\t\t\t\t\t\t<li>\n\t\t\t\t\t\t\t\t\t\t\t\t\t\t\t\t\tAcceso a TODOS Nuestros Tests\t\t\t\t\t\n\t\t\t\t\t\t<\/li>\n\t\t\t\t\t\t\t\t\t\t\t\t\t\t\t\t\t\t\t\t\t\t\t\t\t<li>\n\t\t\t\t\t\t\t\t\t\t\t\t\t\t\t\t\tOrientaci\u00f3n Profesional\t\t\t\t\t\n\t\t\t\t\t\t<\/li>\n\t\t\t\t\t\t\t\t\t\t\t\t\t\t\t\t\t\t\t\t\t\t\t\t\t<li>\n\t\t\t\t\t\t\t\t\t\t\t\t\t\t\t\t\tComparte Tus Resultados\t\t\t\t\t\n\t\t\t\t\t\t<\/li>\n\t\t\t\t\t\t\t\t\t\t\t\t\t\t\t\t\t\t\t\t\t\t\t\t\t<li>\n\t\t\t\t\t\t\t\t\t\t\t\t\t\t\t\t\tGarant\u00eda de Devoluci\u00f3n de Dinero\t\t\t\t\t\n\t\t\t\t\t\t<\/li>\n\t\t\t\t<\/ul>\n\t\t\t<a href=\"http:\/\/insightfultraits.com\/es\/app\/account\/signup\" title=\"Empieza\" target=\"_self\"   role=\"button\" aria-label=\"Empieza\">\n\t\t\t\t\t\t\tEmpieza\n\t\t<\/a>\n\t\t\t\t\t\t\t<h4>Plan anual<\/h4>\n\t\t\t\t\t\t\t\t\t<h2>\n\t\t\t\t\t$14.95\t\t\t\t\t\t\t\t\t\t\t\/mo (paid yearly)\n\t\t\t\t\t\t\t\t\t\t\t<\/h2>\n\t\t\t\t\t\t\t\t<ul>\n\t\t\t\t\t\t\t\t\t\t\t\t\t\t\t\t\t\t<li>\n\t\t\t\t\t\t\t\t\t\t\t\t\t\t\t\t\tObt\u00e9n Tu Informe Completo de Personalidad\t\t\t\t\t\n\t\t\t\t\t\t<\/li>\n\t\t\t\t\t\t\t\t\t\t\t\t\t\t\t\t\t\t\t\t\t\t\t\t\t<li>\n\t\t\t\t\t\t\t\t\t\t\t\t\t\t\t\t\t\u00a1Invita a 10 Amigos y Familiares GRATIS!\t\t\t\t\t\n\t\t\t\t\t\t<\/li>\n\t\t\t\t\t\t\t\t\t\t\t\t\t\t\t\t\t\t\t\t\t\t\t\t\t<li>\n\t\t\t\t\t\t\t\t\t\t\t\t\t\t\t\t\tAcceso a TODOS Nuestros Tests\t\t\t\t\t\n\t\t\t\t\t\t<\/li>\n\t\t\t\t\t\t\t\t\t\t\t\t\t\t\t\t\t\t\t\t\t\t\t\t\t<li>\n\t\t\t\t\t\t\t\t\t\t\t\t\t\t\t\t\tOrientaci\u00f3n Profesional\t\t\t\t\t\n\t\t\t\t\t\t<\/li>\n\t\t\t\t\t\t\t\t\t\t\t\t\t\t\t\t\t\t\t\t\t\t\t\t\t<li>\n\t\t\t\t\t\t\t\t\t\t\t\t\t\t\t\t\tComparte Tus Resultados\t\t\t\t\t\n\t\t\t\t\t\t<\/li>\n\t\t\t\t\t\t\t\t\t\t\t\t\t\t\t\t\t\t\t\t\t\t\t\t\t<li>\n\t\t\t\t\t\t\t\t\t\t\t\t\t\t\t\t\tGarant\u00eda de Devoluci\u00f3n de Dinero\t\t\t\t\t\n\t\t\t\t\t\t<\/li>\n\t\t\t\t<\/ul>\n\t\t\t<a href=\"http:\/\/insightfultraits.com\/es\/app\/account\/signup\" title=\"Empieza\" target=\"_self\"   role=\"button\" aria-label=\"Empieza\">\n\t\t\t\t\t\t\tEmpieza\n\t\t<\/a>\n\t<p><strong>Garant\u00eda de devoluci\u00f3n del dinero en 30 d\u00edas<\/strong>. Puedes cancelarla por <a href=\"mailto:support@insightfultraits.com\">correo electr\u00f3nico<\/a>, por chat o a trav\u00e9s de la configuraci\u00f3n de tu cuenta. <\/p>\n\n","protected":false},"excerpt":{"rendered":"<p>Precios y opciones de los planes Premium de Insightful Traits \u00a1Consigue acceso completo a nuestras pruebas y desbloquea todas las funciones! Prueba de acceso limitado $1.45 Obt\u00e9n Tu Informe Completo de Personalidad \u00a1Invita a 3 Amigos y Familiares GRATIS! Acceso a TODOS Nuestros Tests Orientaci\u00f3n Profesional Comparte Tus Resultados Garant\u00eda de Devoluci\u00f3n de Dinero Empieza [&hellip;]<\/p>\n","protected":false},"author":1,"featured_media":0,"parent":0,"menu_order":0,"comment_status":"closed","ping_status":"closed","template":"","meta":{"site-sidebar-layout":"default","site-content-layout":"","ast-site-content-layout":"full-width-container","site-content-style":"default","site-sidebar-style":"default","ast-global-header-display":"","ast-banner-title-visibility":"","ast-main-header-display":"","ast-hfb-above-header-display":"","ast-hfb-below-header-display":"","ast-hfb-mobile-header-display":"","site-post-title":"disabled","ast-breadcrumbs-content":"","ast-featured-img":"","footer-sml-layout":"","ast-disable-related-posts":"","theme-transparent-header-meta":"","adv-header-id-meta":"","stick-header-meta":"","header-above-stick-meta":"","header-main-stick-meta":"","header-below-stick-meta":"","astra-migrate-meta-layouts":"default","ast-page-background-enabled":"default","ast-page-background-meta":{"desktop":{"background-color":"","background-image":"","background-repeat":"repeat","background-position":"center center","background-size":"auto","background-attachment":"scroll","background-type":"","background-media":"","overlay-type":"","overlay-color":"","overlay-opacity":"","overlay-gradient":""},"tablet":{"background-color":"","background-image":"","background-repeat":"repeat","background-position":"center center","background-size":"auto","background-attachment":"scroll","background-type":"","background-media":"","overlay-type":"","overlay-color":"","overlay-opacity":"","overlay-gradient":""},"mobile":{"background-color":"","background-image":"","background-repeat":"repeat","background-position":"center center","background-size":"auto","background-attachment":"scroll","background-type":"","background-media":"","overlay-type":"","overlay-color":"","overlay-opacity":"","overlay-gradient":""}},"ast-content-background-meta":{"desktop":{"background-color":"var(--ast-global-color-5)","background-image":"","background-repeat":"repeat","background-position":"center center","background-size":"auto","background-attachment":"scroll","background-type":"","background-media":"","overlay-type":"","overlay-color":"","overlay-opacity":"","overlay-gradient":""},"tablet":{"background-color":"var(--ast-global-color-5)","background-image":"","background-repeat":"repeat","background-position":"center center","background-size":"auto","background-attachment":"scroll","background-type":"","background-media":"","overlay-type":"","overlay-color":"","overlay-opacity":"","overlay-gradient":""},"mobile":{"background-color":"var(--ast-global-color-5)","background-image":"","background-repeat":"repeat","background-position":"center center","background-size":"auto","background-attachment":"scroll","background-type":"","background-media":"","overlay-type":"","overlay-color":"","overlay-opacity":"","overlay-gradient":""}},"footnotes":""},"class_list":["post-3787","page","type-page","status-publish","hentry"],"_links":{"self":[{"href":"https:\/\/staging.wp.insightfultraits.com\/es\/wp-json\/wp\/v2\/pages\/3787","targetHints":{"allow":["GET"]}}],"collection":[{"href":"https:\/\/staging.wp.insightfultraits.com\/es\/wp-json\/wp\/v2\/pages"}],"about":[{"href":"https:\/\/staging.wp.insightfultraits.com\/es\/wp-json\/wp\/v2\/types\/page"}],"author":[{"embeddable":true,"href":"https:\/\/staging.wp.insightfultraits.com\/es\/wp-json\/wp\/v2\/users\/1"}],"replies":[{"embeddable":true,"href":"https:\/\/staging.wp.insightfultraits.com\/es\/wp-json\/wp\/v2\/comments?post=3787"}],"version-history":[{"count":1,"href":"https:\/\/staging.wp.insightfultraits.com\/es\/wp-json\/wp\/v2\/pages\/3787\/revisions"}],"predecessor-version":[{"id":6289,"href":"https:\/\/staging.wp.insightfultraits.com\/es\/wp-json\/wp\/v2\/pages\/3787\/revisions\/6289"}],"wp:attachment":[{"href":"https:\/\/staging.wp.insightfultraits.com\/es\/wp-json\/wp\/v2\/media?parent=3787"}],"curies":[{"name":"wp","href":"https:\/\/api.w.org\/{rel}","templated":true}]}}